{"id":121,"date":"2010-04-24T00:00:06","date_gmt":"2010-04-23T22:00:06","guid":{"rendered":"http:\/\/blog.katalanischer-salon.de\/?page_id=121"},"modified":"2014-02-16T13:02:19","modified_gmt":"2014-02-16T11:02:19","slug":"sant-jordi","status":"publish","type":"page","link":"https:\/\/www.katalanischer-salon.de\/de\/activitats-aktivitaten-2\/sant-jordi\/","title":{"rendered":"SANT JORDI"},"content":{"rendered":"<figure id=\"attachment_977\" aria-describedby=\"caption-attachment-977\" style=\"width: 303px\" class=\"wp-caption alignleft\"><a href=\"https:\/\/www.katalanischer-salon.de\/\/wp-content\/uploads\/2010\/04\/DSC_0085.jpg\"><img loading=\"lazy\" class=\"size-full wp-image-977\" title=\"DSC_0085\" src=\"https:\/\/www.katalanischer-salon.de\/\/wp-content\/uploads\/2010\/04\/DSC_0085.jpg\" alt=\"\" width=\"303\" height=\"203\" srcset=\"https:\/\/www.katalanischer-salon.de\/wp-content\/uploads\/2010\/04\/DSC_0085.jpg 3872w, https:\/\/www.katalanischer-salon.de\/wp-content\/uploads\/2010\/04\/DSC_0085-300x201.jpg 300w, https:\/\/www.katalanischer-salon.de\/wp-content\/uploads\/2010\/04\/DSC_0085-768x514.jpg 768w, https:\/\/www.katalanischer-salon.de\/wp-content\/uploads\/2010\/04\/DSC_0085-1024x685.jpg 1024w\" sizes=\"(max-width: 303px) 100vw, 303px\" \/><\/a><figcaption id=\"caption-attachment-977\" class=\"wp-caption-text\">(c) Olga R Trujillo<\/figcaption><\/figure>\n<p><span style=\"color: #000000;\">La <strong>Diada de Sant Jordi <\/strong>se celebra a Catalunya cada <strong>23 d\u2019Abril<\/strong>. Una festa molt especial, on els carrers de les localitats catalanes s\u2019omplen de llibres i rosses. Els enamorats regalen roses i llibres i tota Catalunya viu la jornada al carrer, passejant entre els estands de llibres i aconseguint les dedicat\u00f2ries dels seus autors favorits. <\/span><br \/>\n<span style=\"color: #000000;\">Des del 2008, el Katalanischer Salon porta aquesta festa als carrers de Berl\u00edn amb una parada de llibres d\u2019autors catalans tradu\u00efts a l\u2019alemany i regala una rosa a tots els compradors. Per\u00f2 aquest no \u00e9s el nostre \u00fanic objectiu: durant tota la jornada expliquem la festivitat i informem tamb\u00e9 sobre altres tradicions catalanes, la llengua catalana, la situaci\u00f3 pol\u00edtica actual&#8230; <\/span><\/p>\n<p><span style=\"color: #000000;\">Aquest acte s\u2019ha organitzat en col\u2022laboraci\u00f3 amb diferents llibreries berlineses, com la <\/span><a href=\"http:\/\/la-rayuela.typepad.com\/\" target=\"_blank\">Rayuela<\/a> <span style=\"color: #000000;\">(2008), la <\/span><a href=\"http:\/\/www.kulturkaufhaus.de\/\" target=\"_blank\">Dussmann <\/a><span style=\"color: #000000;\">(2009, 2010) i la<\/span> <a href=\"http:\/\/www.visitberlin.de\/de\/ort\/literaturhaus-buchhandlung-kohlhaas-company&amp;tracked=1\" target=\"_blank\">Kohlhaas &amp; Company<\/a> <span style=\"color: #000000;\">(2011). De l&#8217;edici\u00f3 de Sant Jordi del 2011 en podeu veure imatges clicant a l&#8217;\u00e0lbum de fotos, al lateral del web.<\/span><\/p>\n<p><span style=\"color: #000000;\">Paral\u00b7lelament, es procura oferir una activitat relacionada amb la cultura catalana, com el passi de la pel\u2022l\u00edcula \u201c<\/span><a href=\"http:\/\/ca.wikipedia.org\/wiki\/La_pla%C3%A7a_del_Diamant\" target=\"_blank\">La Pla\u00e7a del Diamant<\/a><span style=\"color: #000000;\">\u201d l&#8217;any 2008. Al 2011 es va organitzar una lectura amb un convidat d\u2019honor, en <\/span><a href=\"http:\/\/michaelebmeyer.wordpress.com\/\" target=\"_blank\">Michael Ebmeyer<\/a>, <span style=\"color: #000000;\">autor de &#8220;Gebrauchsanweisung f\u00fcr Katalonien&#8221;, a la Literaturhaus. <\/span><\/p>\n<p><span style=\"color: #000000;\">\u00c9s el dia tamb\u00e9 que donem a con\u00e8ixer els guanyadors del concurs del <\/span><a href=\"http:\/\/www20.gencat.cat\/portal\/site\/culturacatalana\/menuitem.be2bc4cc4c5aec88f94a9710b0c0e1a0\/?vgnextoid=bcdaef2126896210VgnVCM1000000b0c1e0aRCRD&amp;vgnextchannel=bcdaef2126896210VgnVCM1000000b0c1e0aRCRD&amp;vgnextfmt=detall2&amp;contentid=6182ef7fb89d7210VgnVCM1000008d0c1e0aRCRD\" target=\"_blank\">Jocs Florals<\/a><span style=\"color: #000000;\">, que organitzem des del 2006. D&#8217;aleshores en\u00e7\u00e0, el concurs ha anat creixent i a dia d\u2019avui s\u2019atorguen quatre premis repartits en dues modalitats: <strong>Jocs Florals<\/strong>, per a catalans nadius, i <strong>Catal\u00e0 Sense Fronteres<\/strong>, per a aquells concursants que no tenen el catal\u00e0 com a llengua materna. Els concursants poden presentar-se a la categoria de narraci\u00f3 curta i\/o poesia. <\/span><\/p>\n<p><span style=\"color: #000000;\">De l&#8217;edici\u00f3 de Sant Jordi del 2011 en podeu veure imatges clicant a l&#8217;\u00e0lbum de fotos, al lateral del web.<\/span><\/p>\n<p><span style=\"color: #000000;\">Pel que fa als articles sobre les diverses edicions de l&#8217;activitat, hi podeu accedir anant a les etiquetes<\/span> <a href=\"https:\/\/www.katalanischer-salon.de\/de\/tag\/sant-jordi\/\" target=\"_blank\">Sant Jordi<\/a> <span style=\"color: #000000;\">i<\/span> <a href=\"https:\/\/www.katalanischer-salon.de\/de\/tag\/jocs-florals\/\" target=\"_blank\">Jocs Florals<\/a>.<\/p>\n<figure id=\"attachment_978\" aria-describedby=\"caption-attachment-978\" style=\"width: 3872px\" class=\"wp-caption aligncenter\"><a href=\"https:\/\/www.katalanischer-salon.de\/\/wp-content\/uploads\/2010\/04\/DSC_0147.jpg\"><img loading=\"lazy\" class=\"size-full wp-image-978\" title=\"DSC_0147\" src=\"https:\/\/www.katalanischer-salon.de\/\/wp-content\/uploads\/2010\/04\/DSC_0147.jpg\" alt=\"\" width=\"3872\" height=\"2592\" srcset=\"https:\/\/www.katalanischer-salon.de\/wp-content\/uploads\/2010\/04\/DSC_0147.jpg 3872w, https:\/\/www.katalanischer-salon.de\/wp-content\/uploads\/2010\/04\/DSC_0147-300x201.jpg 300w, https:\/\/www.katalanischer-salon.de\/wp-content\/uploads\/2010\/04\/DSC_0147-768x514.jpg 768w, https:\/\/www.katalanischer-salon.de\/wp-content\/uploads\/2010\/04\/DSC_0147-1024x685.jpg 1024w\" sizes=\"(max-width: 3872px) 100vw, 3872px\" \/><\/a><figcaption id=\"caption-attachment-978\" class=\"wp-caption-text\">(c) Olga R Trujillo<\/figcaption><\/figure>\n<p><span style=\"color: #000000;\">Comissi\u00f3 organitzadora: Amor Ayala, Anna M. Janer, Pilar Sagu\u00e9s.<\/span><\/p>\n<h3><strong>Tradici\u00f3 de Sant Jordi:<\/strong><\/h3>\n<h4>La festa actual \u00e9s una barreja de tradicions i costums de diferents \u00e8poques. La llegenda diu que a Montblanc un drac tenia atemorida la poblaci\u00f3. Per sorteig una persona del poble era lliurada en sacrifici al drac. Un dia li va tocar a la filla del rei. Quan el drac estava a punt de devorar la princesa, un cavaller va matar al drac i de la sang del monstre va cr\u00e9ixer una rosa. Aquest cavaller era Sant Jordi, que des del 1456 \u00e9s patr\u00f3 de Catalunya.&nbsp;<\/p>\n<p>El 1995 la Unesco va declarar el dia 23 d\u2019abril \u201cDia Mundial del Llibre i dels Drets d\u2019Autor\u201d. Per tant, la tradici\u00f3 combina <strong>la rosa<\/strong>, com a s\u00edmbol de l\u2019amor, i <strong>el llibre<\/strong>, com a s\u00edmbol de cultura.<\/h4>\n<p><span style=\"color: #000000;\">Si voleu tenir m\u00e9s informaci\u00f3 dels or\u00edgens d\u2019aquesta llegenda, podeu accedir a <\/span><a href=\"http:\/\/www.gencat.cat\/catalunya\/santjordi\/cat\/llegenda.htm\" target=\"_blank\">aquest web<\/a> <span style=\"color: #000000;\">de la Generalitat. <\/span><\/p>","protected":false},"excerpt":{"rendered":"<p>(c) Olga R Trujillo La Diada de Sant Jordi se celebra a Catalunya cada 23 d\u2019Abril. Una festa molt especial, on els carrers de les localitats catalanes s\u2019omplen de llibres i rosses. Els enamorats regalen roses i llibres i tota&#8230;<\/p>","protected":false},"author":1,"featured_media":0,"parent":74,"menu_order":4,"comment_status":"closed","ping_status":"open","template":"","meta":[],"_links":{"self":[{"href":"https:\/\/www.katalanischer-salon.de\/de\/wp-json\/wp\/v2\/pages\/121"}],"collection":[{"href":"https:\/\/www.katalanischer-salon.de\/de\/wp-json\/wp\/v2\/pages"}],"about":[{"href":"https:\/\/www.katalanischer-salon.de\/de\/wp-json\/wp\/v2\/types\/page"}],"author":[{"embeddable":true,"href":"https:\/\/www.katalanischer-salon.de\/de\/wp-json\/wp\/v2\/users\/1"}],"replies":[{"embeddable":true,"href":"https:\/\/www.katalanischer-salon.de\/de\/wp-json\/wp\/v2\/comments?post=121"}],"version-history":[{"count":18,"href":"https:\/\/www.katalanischer-salon.de\/de\/wp-json\/wp\/v2\/pages\/121\/revisions"}],"predecessor-version":[{"id":123,"href":"https:\/\/www.katalanischer-salon.de\/de\/wp-json\/wp\/v2\/pages\/121\/revisions\/123"}],"up":[{"embeddable":true,"href":"https:\/\/www.katalanischer-salon.de\/de\/wp-json\/wp\/v2\/pages\/74"}],"wp:attachment":[{"href":"https:\/\/www.katalanischer-salon.de\/de\/wp-json\/wp\/v2\/media?parent=121"}],"curies":[{"name":"wp","href":"https:\/\/api.w.org\/{rel}","templated":true}]}}