{"id":2,"date":"2011-06-26T00:00:54","date_gmt":"2011-06-25T22:00:54","guid":{"rendered":"http:\/\/blog.katalanischer-salon.de\/?page_id=2"},"modified":"2020-11-26T22:15:59","modified_gmt":"2020-11-26T20:15:59","slug":"qui-som-wir-ueber-uns","status":"publish","type":"page","link":"https:\/\/www.katalanischer-salon.de\/de\/qui-som-wir-ueber-uns\/","title":{"rendered":"EL CASAL"},"content":{"rendered":"<p style=\"text-align: justify;\"><span style=\"color: #000000;\"><\/span><\/p>\n<p style=\"text-align: justify;\"><span style=\"color: #000000;\"> <a href=\"http:\/\/www.facebook.com\/Casal.catala.berlin\" target=\"_blank\" rel=\"noopener\">Der Katalanische Salon<\/a> entstand im Herbst 2002 aus der Initiative einer kleinen Gruppe Katalanen in Berlin. Seit M\u00e4rz 2004 sind wir als e.V. im Vereinsregister eingetragen und seit Januar 2005 von der katalanischen Regierung als <\/span><em>Comunitat Catalana a l&#8217;Exterior<\/em><span style=\"color: #000000;\"> (katalanische Gemeinschaft im Ausland) anerkannt.<\/span><\/p>\n<figure id=\"attachment_968\" aria-describedby=\"caption-attachment-968\" style=\"width: 266px\" class=\"wp-caption aligncenter\"><a href=\"https:\/\/www.katalanischer-salon.de\/\/wp-content\/uploads\/2011\/06\/Cartell-Kasal_nou2-copia.jpg\"><img loading=\"lazy\" class=\"size-full wp-image-968\" title=\"Cartell Kasal\" src=\"https:\/\/www.katalanischer-salon.de\/\/wp-content\/uploads\/2011\/06\/Cartell-Kasal_nou2-copia.jpg\" alt=\"\" width=\"266\" height=\"377\" srcset=\"https:\/\/www.katalanischer-salon.de\/wp-content\/uploads\/2011\/06\/Cartell-Kasal_nou2-copia.jpg 842w, https:\/\/www.katalanischer-salon.de\/wp-content\/uploads\/2011\/06\/Cartell-Kasal_nou2-copia-212x300.jpg 212w, https:\/\/www.katalanischer-salon.de\/wp-content\/uploads\/2011\/06\/Cartell-Kasal_nou2-copia-768x1086.jpg 768w, https:\/\/www.katalanischer-salon.de\/wp-content\/uploads\/2011\/06\/Cartell-Kasal_nou2-copia-724x1024.jpg 724w\" sizes=\"(max-width: 266px) 100vw, 266px\" \/><\/a><figcaption id=\"caption-attachment-968\" class=\"wp-caption-text\">(c) Olga R Trujillo<\/figcaption><\/figure>\n<p style=\"text-align: justify;\"><span style=\"color: #000000;\">Seitdem ist der Katalanische Salon e.V. Bezugspunkt der katalanischen BerlinerInnen und ihrer Freunde geworden. Die j\u00e4hrlichen Feste Sant Jordi und die Castanyada, die regelm\u00e4\u00dfigen Monatstreffen und eine Vielzahl weiterer Einzelveranstaltungen markieren den zur\u00fcckgelegten Weg von unseren Anf\u00e4ngen bis heute. <\/span><\/p>\n<p style=\"text-align: justify;\"><span style=\"color: #000000;\">Unser Hauptziel ist, den Austausch zwischen all denjenigen zu f\u00f6rdern, die sich f\u00fcr die Kultur, Traditionen und Lebensart im katalanischen Sprachraum interessieren. In diesem Sinne liegt uns besonders viel daran, die katalanische Sprache bekannt zu machen. <\/span><\/p>\n<p style=\"text-align: justify;\"><span style=\"color: #000000;\">Wir m\u00f6chten gerne den Menschen aus dem katalanischen Sprachgebiet, die in Berlin wohnen, als Treffpunkt dienen. Wir sind davon \u00fcberzeugt, da\u00df der pers\u00f6nliche, zwischenmenschliche Kontakt zu Landsleuten wertvoll und unersetzbar ist, selbst heutzutage, wo moderne Technologie und Komunikationsmedia die fast unvermeidlich entstehende Kluft zur Heimat minimalisieren.<\/span><\/p>\n<p style=\"text-align: justify;\"><span style=\"color: #000000;\">Der KAtalanische SALon m\u00f6chte auch Katalane, Balearen und Valencianer ansprechen, die sich nur vor\u00fcbergehend in Berlin aufhalten. Viele kommen als Studenten im Erasmus-Semester, Doktoranten und junge Forscher hierher. Ihr Einblick in aktuelle Vorg\u00e4nge in den katalanischen L\u00e4ndern bereichert den Verein. Ihrerseits k\u00f6nnen sie die Erfahrung der &#8220;Alteingesessenen&#8221; nutzen, um ihren Aufenthalt in Berlin interessanter und angenehmer zu gestalten.<\/span><\/p>\n<p style=\"text-align: justify;\"><span style=\"color: #000000;\">Denen, die eine Reise in die katalanischen L\u00e4nder vorhaben, m\u00f6chten wir &#8211; im Rahmen unserer begrenzten M\u00f6glichkeiten &#8211; Auskunft geben.<\/span><\/p>\n<p style=\"text-align: justify;\"><span style=\"color: #000000;\"> Um all dies zu erm\u00f6glichen, organisiert der Verein Treffen und Veranstaltungen. Wir freuen wir uns auf die Zusammenarbeit mit Einzelnen, Gruppen und Institutionen, die \u00e4hnliche Ziele verfolgen. <\/span><\/p>\n<p style=\"text-align: center;\"><a href=\"mailto: casalcataladeberlin@gmail.com\">CasalCatalaDeBerlin@gmail.com<\/a><\/p>\n<p><span style=\"color: #000000;\"><\/span><\/p>\n<figure id=\"attachment_969\" aria-describedby=\"caption-attachment-969\" style=\"width: 720px\" class=\"wp-caption aligncenter\"><a href=\"https:\/\/www.katalanischer-salon.de\/\/wp-content\/uploads\/2011\/06\/DSC_0146.jpg\"><img loading=\"lazy\" class=\"size-full wp-image-969\" title=\"DSC_0146\" src=\"https:\/\/www.katalanischer-salon.de\/\/wp-content\/uploads\/2011\/06\/DSC_0146.jpg\" alt=\"\" width=\"720\" height=\"478\" srcset=\"https:\/\/www.katalanischer-salon.de\/wp-content\/uploads\/2011\/06\/DSC_0146.jpg 720w, https:\/\/www.katalanischer-salon.de\/wp-content\/uploads\/2011\/06\/DSC_0146-300x199.jpg 300w\" sizes=\"(max-width: 720px) 100vw, 720px\" \/><\/a><figcaption id=\"caption-attachment-969\" class=\"wp-caption-text\">Foto: Mia Padull\u00e9s<\/figcaption><\/figure>","protected":false},"excerpt":{"rendered":"<p>Der Katalanische Salon entstand im Herbst 2002 aus der Initiative einer kleinen Gruppe Katalanen in Berlin. Seit M\u00e4rz 2004 sind wir als e.V. im Vereinsregister eingetragen und seit Januar 2005 von der katalanischen Regierung als Comunitat Catalana a l&#8217;Exterior (katalanische&#8230;<\/p>","protected":false},"author":1,"featured_media":0,"parent":0,"menu_order":1,"comment_status":"closed","ping_status":"closed","template":"","meta":[],"_links":{"self":[{"href":"https:\/\/www.katalanischer-salon.de\/de\/wp-json\/wp\/v2\/pages\/2"}],"collection":[{"href":"https:\/\/www.katalanischer-salon.de\/de\/wp-json\/wp\/v2\/pages"}],"about":[{"href":"https:\/\/www.katalanischer-salon.de\/de\/wp-json\/wp\/v2\/types\/page"}],"author":[{"embeddable":true,"href":"https:\/\/www.katalanischer-salon.de\/de\/wp-json\/wp\/v2\/users\/1"}],"replies":[{"embeddable":true,"href":"https:\/\/www.katalanischer-salon.de\/de\/wp-json\/wp\/v2\/comments?post=2"}],"version-history":[{"count":39,"href":"https:\/\/www.katalanischer-salon.de\/de\/wp-json\/wp\/v2\/pages\/2\/revisions"}],"predecessor-version":[{"id":3385,"href":"https:\/\/www.katalanischer-salon.de\/de\/wp-json\/wp\/v2\/pages\/2\/revisions\/3385"}],"wp:attachment":[{"href":"https:\/\/www.katalanischer-salon.de\/de\/wp-json\/wp\/v2\/media?parent=2"}],"curies":[{"name":"wp","href":"https:\/\/api.w.org\/{rel}","templated":true}]}}