{"id":2979,"date":"2018-01-24T22:02:25","date_gmt":"2018-01-24T20:02:25","guid":{"rendered":"https:\/\/www.katalanischer-salon.de\/?page_id=2979"},"modified":"2020-09-30T19:27:22","modified_gmt":"2020-09-30T17:27:22","slug":"homepage","status":"publish","type":"page","link":"https:\/\/www.katalanischer-salon.de\/de\/","title":{"rendered":"Homepage"},"content":{"rendered":"<section class=\"sh-section sh-section-170261322ee24d7e6a01b7d1f7df74fb fw-main-row sh-section-visibility-everywhere\">\n\t\n\t\n\t<div class=\"sh-section-container container\">\n\t\t<div class=\"fw-row\">\n\t\n<div class=\"sh-column sh-column-6d2da04b2ec819858ec8d77718954984 fw-col-xs-12\" >\n\n\t\n\t<div class=\"sh-column-wrapper\">\n\t\t\n<div class=\"sh-recent-posts\" id=\"recent-posts-b804fda531c465e9d762008cd54ff596\" data-id=\"3\">\n\t<div class=\"sh-group blog-list blog-style-masonry masonry2\">\n\t\t\n\t<article id=\"post-4209\" class=\"post-item post-4209 post type-post status-publish format-standard has-post-thumbnail hentry category-academia-del-cinema-catala category-activitats category-actualitat category-art category-berlin category-catala category-cicle-gaudi category-cinema category-institut-ramon-llull category-kasal tag-academia-del-cinema-catala tag-activitats tag-berlin-2 tag-catala tag-cicle-gaudi tag-cinema-2 tag-irl tag-kasal-2 tag-katalanischer-salon\">\n\t\t<div class=\"post-container\">\n\t\t\t\n\t\t\t<div class=\"post-meta-thumb\">\n\t\t\t\t<img width=\"819\" height=\"1024\" src=\"https:\/\/www.katalanischer-salon.de\/wp-content\/uploads\/2026\/01\/IG_SALVE_MARIA_BERLIN_GEN26-819x1024.jpg\" class=\"attachment-large size-large wp-post-image\" alt=\"\" loading=\"lazy\" srcset=\"https:\/\/www.katalanischer-salon.de\/wp-content\/uploads\/2026\/01\/IG_SALVE_MARIA_BERLIN_GEN26-819x1024.jpg 819w, https:\/\/www.katalanischer-salon.de\/wp-content\/uploads\/2026\/01\/IG_SALVE_MARIA_BERLIN_GEN26-240x300.jpg 240w, https:\/\/www.katalanischer-salon.de\/wp-content\/uploads\/2026\/01\/IG_SALVE_MARIA_BERLIN_GEN26-768x960.jpg 768w, https:\/\/www.katalanischer-salon.de\/wp-content\/uploads\/2026\/01\/IG_SALVE_MARIA_BERLIN_GEN26-10x12.jpg 10w, https:\/\/www.katalanischer-salon.de\/wp-content\/uploads\/2026\/01\/IG_SALVE_MARIA_BERLIN_GEN26-118x148.jpg 118w, https:\/\/www.katalanischer-salon.de\/wp-content\/uploads\/2026\/01\/IG_SALVE_MARIA_BERLIN_GEN26-25x31.jpg 25w, https:\/\/www.katalanischer-salon.de\/wp-content\/uploads\/2026\/01\/IG_SALVE_MARIA_BERLIN_GEN26-30x38.jpg 30w, https:\/\/www.katalanischer-salon.de\/wp-content\/uploads\/2026\/01\/IG_SALVE_MARIA_BERLIN_GEN26-172x215.jpg 172w, https:\/\/www.katalanischer-salon.de\/wp-content\/uploads\/2026\/01\/IG_SALVE_MARIA_BERLIN_GEN26.jpg 1080w\" sizes=\"(max-width: 819px) 100vw, 819px\" \/>\t\t\t\t\n        <div class=\"sh-overlay-style1\">\n            <div class=\"sh-table-full\">\n                                    <a href=\"https:\/\/www.katalanischer-salon.de\/de\/berlin\/projeccio-de-salve-maria-cicle-gaudi-de-cinema-catala\/\" class=\"sh-overlay-item sh-table-cell\">\n                        <div class=\"sh-overlay-item-container\">\n                            <i class=\"icon-link\"><\/i>\n                        <\/div>\n                    <\/a>\n                \n                                    <a href=\"https:\/\/www.katalanischer-salon.de\/wp-content\/uploads\/2026\/01\/IG_SALVE_MARIA_BERLIN_GEN26-819x1024.jpg\" class=\"sh-overlay-item sh-table-cell\" data-rel=\"lightcase\">\n                        <div class=\"sh-overlay-item-container\">\n                            <i class=\"icon-magnifier-add\"><\/i>\n                        <\/div>\n                    <\/a>\n                            <\/div>\n        <\/div>\n\n    \t\t\t<\/div>\n\n\t\t\t<div class=\"post-content-container\">\n\n\t\t\t\t<div class=\"post-meta post-meta-one\">\n\t\t\t\t\t\n       <!-- <span class=\"post-meta-author\">\n                         <a href=\"\" class=\"bypostauthor\"> \n                            <\/a>\n        <\/span>-->\n\n       <!--             <a href=\"https:\/\/www.katalanischer-salon.de\/de\/berlin\/projeccio-de-salve-maria-cicle-gaudi-de-cinema-catala\/\" class=\"sh-default-color\">12\/01\/2026<\/a>\n         -->\n\n    \t\t\t\t<\/div>\n\n\t\t\t\t<a href=\"https:\/\/www.katalanischer-salon.de\/de\/berlin\/projeccio-de-salve-maria-cicle-gaudi-de-cinema-catala\/\" class=\"post-title\">\n\t\t\t\t\t<h2>\n\t\t\t\t\t\t\t\t\t\t\t\tProjecci\u00f3 de Salve Maria &#8211; Cicle Gaud\u00ed de cinema catal\u00e0\t\t\t\t\t<\/h2>\n\t\t\t\t<\/a>\n\n\t\t\t\t<div class=\"post-content\">\n\t\t\t\t\t\t\t\t\t\t\t<p>Continuem amb el Cicle Gaud\u00ed de cinema catal\u00e0 a Berl\u00edn que ens fa arribar la nostra amiga i s\u00f2cia del KaSal Montse Majench de l&#8217;Acad\u00e8mia del Cinema Catal\u00e0. SALVE MARIA [Catal\u00e0, Castell\u00e0 i Franc\u00e8s \u2013 OmeU]. Espanya 2024.&nbsp;Direcci\u00f3:&nbsp;Mar Coll&nbsp;amb Laura&#8230;<\/p>\n\t\t\t\t\t\t\t\t\t<\/div>\n\n\t\t\t\t<div class=\"post-meta post-meta-two\">\n\t\t\t\t\t\n        <div class=\"sh-columns post-meta-comments\">\n            <span class=\"post-meta-categories\">\n                <i class=\"icon-calendar\"><\/i>\n                                            <a href=\"https:\/\/www.katalanischer-salon.de\/de\/berlin\/projeccio-de-salve-maria-cicle-gaudi-de-cinema-catala\/\" class=\"sh-default-color\">12\/01\/2026<\/a>\n                    <\/span>\n\n                            <div><\/div>\n                    <\/div>\n\n    \t\t\t\t<\/div>\n\t\t\t<\/div>\n\n\t\t<\/div>\n\t<\/article>\n\n\n\n\t<article id=\"post-4203\" class=\"post-item post-4203 post type-post status-publish format-standard has-post-thumbnail hentry category-academia-del-cinema-catala category-activitats category-actualitat category-art category-berlin category-catala category-cinema category-kasal tag-activitats tag-berlin-2 tag-catala tag-cinema-2 tag-kasal-2 tag-katalanischer-salon\">\n\t\t<div class=\"post-container\">\n\t\t\t\n\t\t\t<div class=\"post-meta-thumb\">\n\t\t\t\t<img width=\"380\" height=\"541\" src=\"https:\/\/www.katalanischer-salon.de\/wp-content\/uploads\/2025\/12\/Rock-Bottom.jpg\" class=\"attachment-large size-large wp-post-image\" alt=\"\" loading=\"lazy\" srcset=\"https:\/\/www.katalanischer-salon.de\/wp-content\/uploads\/2025\/12\/Rock-Bottom.jpg 380w, https:\/\/www.katalanischer-salon.de\/wp-content\/uploads\/2025\/12\/Rock-Bottom-211x300.jpg 211w, https:\/\/www.katalanischer-salon.de\/wp-content\/uploads\/2025\/12\/Rock-Bottom-8x12.jpg 8w, https:\/\/www.katalanischer-salon.de\/wp-content\/uploads\/2025\/12\/Rock-Bottom-104x148.jpg 104w, https:\/\/www.katalanischer-salon.de\/wp-content\/uploads\/2025\/12\/Rock-Bottom-22x31.jpg 22w, https:\/\/www.katalanischer-salon.de\/wp-content\/uploads\/2025\/12\/Rock-Bottom-27x38.jpg 27w, https:\/\/www.katalanischer-salon.de\/wp-content\/uploads\/2025\/12\/Rock-Bottom-151x215.jpg 151w\" sizes=\"(max-width: 380px) 100vw, 380px\" \/>\t\t\t\t\n        <div class=\"sh-overlay-style1\">\n            <div class=\"sh-table-full\">\n                                    <a href=\"https:\/\/www.katalanischer-salon.de\/de\/berlin\/projeccio-de-rock-bottom\/\" class=\"sh-overlay-item sh-table-cell\">\n                        <div class=\"sh-overlay-item-container\">\n                            <i class=\"icon-link\"><\/i>\n                        <\/div>\n                    <\/a>\n                \n                                    <a href=\"https:\/\/www.katalanischer-salon.de\/wp-content\/uploads\/2025\/12\/Rock-Bottom.jpg\" class=\"sh-overlay-item sh-table-cell\" data-rel=\"lightcase\">\n                        <div class=\"sh-overlay-item-container\">\n                            <i class=\"icon-magnifier-add\"><\/i>\n                        <\/div>\n                    <\/a>\n                            <\/div>\n        <\/div>\n\n    \t\t\t<\/div>\n\n\t\t\t<div class=\"post-content-container\">\n\n\t\t\t\t<div class=\"post-meta post-meta-one\">\n\t\t\t\t\t\n       <!-- <span class=\"post-meta-author\">\n                         <a href=\"\" class=\"bypostauthor\"> \n                            <\/a>\n        <\/span>-->\n\n       <!--             <a href=\"https:\/\/www.katalanischer-salon.de\/de\/berlin\/projeccio-de-rock-bottom\/\" class=\"sh-default-color\">09\/12\/2025<\/a>\n         -->\n\n    \t\t\t\t<\/div>\n\n\t\t\t\t<a href=\"https:\/\/www.katalanischer-salon.de\/de\/berlin\/projeccio-de-rock-bottom\/\" class=\"post-title\">\n\t\t\t\t\t<h2>\n\t\t\t\t\t\t\t\t\t\t\t\tProjecci\u00f3 de Rock Bottom\t\t\t\t\t<\/h2>\n\t\t\t\t<\/a>\n\n\t\t\t\t<div class=\"post-content\">\n\t\t\t\t\t\t\t\t\t\t\t<p>Com a cirereta del Cicle Gaud\u00ed a Berl\u00edn, per coronar la segona temporada, presentem a la\u00a0sala gran del Babylon\u00a0un musical d\u2019animaci\u00f3 inspirat en la vida i en la m\u00fasica de Robert Wyatt:\u00a0ROCK BOTTOM. ROCK BOTTOM [Pel\u00b7l\u00edcula musical animada] [Catal\u00e0, espanyol,&#8230;<\/p>\n\t\t\t\t\t\t\t\t\t<\/div>\n\n\t\t\t\t<div class=\"post-meta post-meta-two\">\n\t\t\t\t\t\n        <div class=\"sh-columns post-meta-comments\">\n            <span class=\"post-meta-categories\">\n                <i class=\"icon-calendar\"><\/i>\n                                            <a href=\"https:\/\/www.katalanischer-salon.de\/de\/berlin\/projeccio-de-rock-bottom\/\" class=\"sh-default-color\">09\/12\/2025<\/a>\n                    <\/span>\n\n                            <div><\/div>\n                    <\/div>\n\n    \t\t\t\t<\/div>\n\t\t\t<\/div>\n\n\t\t<\/div>\n\t<\/article>\n\n\n\n\t<article id=\"post-4197\" class=\"post-item post-4197 post type-post status-publish format-standard has-post-thumbnail hentry category-activitats category-berlin category-canelons category-carn-dolla category-kasal category-la-grossa category-nadal category-sopa-de-galets category-torrons category-tradicio tag-berlin-2 tag-canelons tag-katalanischer-salon tag-la-grossa tag-nadal tag-nadales tag-sopa-de-galets tag-torrons\">\n\t\t<div class=\"post-container\">\n\t\t\t\n\t\t\t<div class=\"post-meta-thumb\">\n\t\t\t\t<img width=\"819\" height=\"1024\" src=\"https:\/\/www.katalanischer-salon.de\/wp-content\/uploads\/2025\/11\/El-Nadal-que-Trobem-a-Faltar_catala\u0300-819x1024.jpg\" class=\"attachment-large size-large wp-post-image\" alt=\"\" loading=\"lazy\" srcset=\"https:\/\/www.katalanischer-salon.de\/wp-content\/uploads\/2025\/11\/El-Nadal-que-Trobem-a-Faltar_catala\u0300-819x1024.jpg 819w, https:\/\/www.katalanischer-salon.de\/wp-content\/uploads\/2025\/11\/El-Nadal-que-Trobem-a-Faltar_catala\u0300-240x300.jpg 240w, https:\/\/www.katalanischer-salon.de\/wp-content\/uploads\/2025\/11\/El-Nadal-que-Trobem-a-Faltar_catala\u0300-768x960.jpg 768w, https:\/\/www.katalanischer-salon.de\/wp-content\/uploads\/2025\/11\/El-Nadal-que-Trobem-a-Faltar_catala\u0300-1229x1536.jpg 1229w, https:\/\/www.katalanischer-salon.de\/wp-content\/uploads\/2025\/11\/El-Nadal-que-Trobem-a-Faltar_catala\u0300-1638x2048.jpg 1638w, https:\/\/www.katalanischer-salon.de\/wp-content\/uploads\/2025\/11\/El-Nadal-que-Trobem-a-Faltar_catala\u0300-10x12.jpg 10w, https:\/\/www.katalanischer-salon.de\/wp-content\/uploads\/2025\/11\/El-Nadal-que-Trobem-a-Faltar_catala\u0300-118x148.jpg 118w, https:\/\/www.katalanischer-salon.de\/wp-content\/uploads\/2025\/11\/El-Nadal-que-Trobem-a-Faltar_catala\u0300-25x31.jpg 25w, https:\/\/www.katalanischer-salon.de\/wp-content\/uploads\/2025\/11\/El-Nadal-que-Trobem-a-Faltar_catala\u0300-30x38.jpg 30w, https:\/\/www.katalanischer-salon.de\/wp-content\/uploads\/2025\/11\/El-Nadal-que-Trobem-a-Faltar_catala\u0300-172x215.jpg 172w, https:\/\/www.katalanischer-salon.de\/wp-content\/uploads\/2025\/11\/El-Nadal-que-Trobem-a-Faltar_catala\u0300.jpg 1688w\" sizes=\"(max-width: 819px) 100vw, 819px\" \/>\t\t\t\t\n        <div class=\"sh-overlay-style1\">\n            <div class=\"sh-table-full\">\n                                    <a href=\"https:\/\/www.katalanischer-salon.de\/de\/berlin\/el-nadal-que-trobem-a-faltar\/\" class=\"sh-overlay-item sh-table-cell\">\n                        <div class=\"sh-overlay-item-container\">\n                            <i class=\"icon-link\"><\/i>\n                        <\/div>\n                    <\/a>\n                \n                                    <a href=\"https:\/\/www.katalanischer-salon.de\/wp-content\/uploads\/2025\/11\/El-Nadal-que-Trobem-a-Faltar_catala\u0300-819x1024.jpg\" class=\"sh-overlay-item sh-table-cell\" data-rel=\"lightcase\">\n                        <div class=\"sh-overlay-item-container\">\n                            <i class=\"icon-magnifier-add\"><\/i>\n                        <\/div>\n                    <\/a>\n                            <\/div>\n        <\/div>\n\n    \t\t\t<\/div>\n\n\t\t\t<div class=\"post-content-container\">\n\n\t\t\t\t<div class=\"post-meta post-meta-one\">\n\t\t\t\t\t\n       <!-- <span class=\"post-meta-author\">\n                         <a href=\"\" class=\"bypostauthor\"> \n                            <\/a>\n        <\/span>-->\n\n       <!--             <a href=\"https:\/\/www.katalanischer-salon.de\/de\/berlin\/el-nadal-que-trobem-a-faltar\/\" class=\"sh-default-color\">22\/11\/2025<\/a>\n         -->\n\n    \t\t\t\t<\/div>\n\n\t\t\t\t<a href=\"https:\/\/www.katalanischer-salon.de\/de\/berlin\/el-nadal-que-trobem-a-faltar\/\" class=\"post-title\">\n\t\t\t\t\t<h2>\n\t\t\t\t\t\t\t\t\t\t\t\tEl Nadal que trobem a faltar\t\t\t\t\t<\/h2>\n\t\t\t\t<\/a>\n\n\t\t\t\t<div class=\"post-content\">\n\t\t\t\t\t\t\t\t\t\t\t<p>Amb motiu de les festes de Nadal, el Casal catal\u00e0 de Berl\u00edn (Katalanischer Salon e.V.) us proposa de trobar-nos el dissabte 6 de desembre per fer un dinar de Nadal plegats a partir de les 13.00h al Liane (Karl-Marx-Str. 17,&#8230;<\/p>\n\t\t\t\t\t\t\t\t\t<\/div>\n\n\t\t\t\t<div class=\"post-meta post-meta-two\">\n\t\t\t\t\t\n        <div class=\"sh-columns post-meta-comments\">\n            <span class=\"post-meta-categories\">\n                <i class=\"icon-calendar\"><\/i>\n                                            <a href=\"https:\/\/www.katalanischer-salon.de\/de\/berlin\/el-nadal-que-trobem-a-faltar\/\" class=\"sh-default-color\">22\/11\/2025<\/a>\n                    <\/span>\n\n                            <div><\/div>\n                    <\/div>\n\n    \t\t\t\t<\/div>\n\t\t\t<\/div>\n\n\t\t<\/div>\n\t<\/article>\n\n\n\t<\/div>\n<\/div>\n\t<\/div>\n<\/div>\n<\/div>\n\n<div class=\"fw-row\">\n\t\n<div class=\"sh-column sh-column-34b291a210b600636a4fa4551665806c fw-col-xs-12\" >\n\n\t\n\t<div class=\"sh-column-wrapper\">\n\t\t\n<div id=\"button-ede1b5641c6587fb3d2912dd829a5aab\" class=\"sh-button-container sh-button-style-1\">\n\t<a href=\"https:\/\/www.katalanischer-salon.de\/de\/blog\/\" target=\"_self\" class=\"sh-button sh-button-medium\">\n\n\t\t\n\t\t\t\t\t<span class=\"sh-button-text\">\n\t\t\t\tMehr Nachrichten\t\t\t<\/span>\n\t\t\n\t\t\n\t<\/a>\n\t<\/div>\t<\/div>\n<\/div>\n<\/div>\n\n<div class=\"fw-row\">\n\t\n<div class=\"sh-column sh-column-5899ec5a9ec734176eeaf2f85d0c169b fw-col-xs-12 sh-column-mobile-padding\" >\n\n\t\n\t<div class=\"sh-column-wrapper\">\n\t\t\n<div class=\"sh-heading\" id=\"heading-af2d4c39ee3e610f2ed4f52e5d4f9951\">\n\t<h1 class=\"sh-heading-content size-default text-center\">\n\t\tPropers esdeveniments a Berl\u00edn\t<\/h1>\n<\/div>\n<div id=\"text-block-f0e913b7ca60dc534e8c8b5e4351bdc3\" class=\"sh-text-block\">\n\t<p><div id=\"mec_skin_3271\" class=\"mec-wrap colorskin-custom\">\r\n    \r\n    <div id=\"mec_search_form_3271\" class=\"mec-search-form mec-totalcal-box\"><div class=\"mec-dropdown-wrap\"><\/div><\/div>    \r\n    <div class=\"mec-calendar mec-box-calendar mec-event-calendar-classic mec-event-container-simple\">\r\n                <div class=\"mec-calendar-side mec-clear\">\r\n                        <div class=\"mec-skin-monthly-view-month-navigator-container\">\r\n                <div class=\"mec-month-navigator\" id=\"mec_month_navigator_3271_202604\"><div class=\"mec-previous-month mec-load-month mec-previous-month\" data-mec-year=\"2026\" data-mec-month=\"03\"><i class=\"mec-sl-angle-left\"><\/i> M\u00e4rz<\/div><div class=\"mec-calendar-header\"><h2>April 2026<\/h2><\/div><div class=\"mec-next-month mec-load-month mec-next-month\" data-mec-year=\"2026\" data-mec-month=\"05\">Mai <i class=\"mec-sl-angle-right\"><\/i><\/div><\/div>\r\n            <\/div>\r\n            \r\n            <div class=\"mec-calendar-table\" id=\"mec_skin_events_3271\">\r\n                <div class=\"mec-month-container mec-month-container-selected\" id=\"mec_monthly_view_month_3271_202604\" data-month-id=\"202604\"><dl class=\"mec-calendar-table-head\"><dt class=\"mec-calendar-day-head\">MO<\/dt><dt class=\"mec-calendar-day-head\">DI<\/dt><dt class=\"mec-calendar-day-head\">MI<\/dt><dt class=\"mec-calendar-day-head\">DO<\/dt><dt class=\"mec-calendar-day-head\">FR<\/dt><dt class=\"mec-calendar-day-head\">SA<\/dt><dt class=\"mec-calendar-day-head\">SO<\/dt><\/dl><dl class=\"mec-calendar-row\">\r\n    <dt class=\"mec-table-nullday\">30<\/dt><dt class=\"mec-table-nullday\">31<\/dt><dt class=\"mec-calendar-day\" data-mec-cell=\"20260401\" data-day=\"1\" data-month=\"202604\">1<\/dt><\/dt><dt class=\"mec-calendar-day\" data-mec-cell=\"20260402\" data-day=\"2\" data-month=\"202604\">2<\/dt><\/dt><dt class=\"mec-calendar-day\" data-mec-cell=\"20260403\" data-day=\"3\" data-month=\"202604\">3<\/dt><\/dt><dt class=\"mec-calendar-day\" data-mec-cell=\"20260404\" data-day=\"4\" data-month=\"202604\">4<\/dt><\/dt><dt class=\"mec-calendar-day mec-selected-day\" data-mec-cell=\"20260405\" data-day=\"5\" data-month=\"202604\">5<\/dt><\/dt><\/dl><dl class=\"mec-calendar-row\"><dt class=\"mec-calendar-day\" data-mec-cell=\"20260406\" data-day=\"6\" data-month=\"202604\">6<\/dt><\/dt><dt class=\"mec-calendar-day\" data-mec-cell=\"20260407\" data-day=\"7\" data-month=\"202604\">7<\/dt><\/dt><dt class=\"mec-calendar-day\" data-mec-cell=\"20260408\" data-day=\"8\" data-month=\"202604\">8<\/dt><\/dt><dt class=\"mec-calendar-day\" data-mec-cell=\"20260409\" data-day=\"9\" data-month=\"202604\">9<\/dt><\/dt><dt class=\"mec-calendar-day\" data-mec-cell=\"20260410\" data-day=\"10\" data-month=\"202604\">10<\/dt><\/dt><dt class=\"mec-calendar-day\" data-mec-cell=\"20260411\" data-day=\"11\" data-month=\"202604\">11<\/dt><\/dt><dt class=\"mec-calendar-day\" data-mec-cell=\"20260412\" data-day=\"12\" data-month=\"202604\">12<\/dt><\/dt><\/dl><dl class=\"mec-calendar-row\"><dt class=\"mec-calendar-day\" data-mec-cell=\"20260413\" data-day=\"13\" data-month=\"202604\">13<\/dt><\/dt><dt class=\"mec-calendar-day\" data-mec-cell=\"20260414\" data-day=\"14\" data-month=\"202604\">14<\/dt><\/dt><dt class=\"mec-calendar-day\" data-mec-cell=\"20260415\" data-day=\"15\" data-month=\"202604\">15<\/dt><\/dt><dt class=\"mec-calendar-day\" data-mec-cell=\"20260416\" data-day=\"16\" data-month=\"202604\">16<\/dt><\/dt><dt class=\"mec-calendar-day\" data-mec-cell=\"20260417\" data-day=\"17\" data-month=\"202604\">17<\/dt><\/dt><dt class=\"mec-calendar-day\" data-mec-cell=\"20260418\" data-day=\"18\" data-month=\"202604\">18<\/dt><\/dt><dt class=\"mec-calendar-day\" data-mec-cell=\"20260419\" data-day=\"19\" data-month=\"202604\">19<\/dt><\/dt><\/dl><dl class=\"mec-calendar-row\"><dt class=\"mec-calendar-day\" data-mec-cell=\"20260420\" data-day=\"20\" data-month=\"202604\">20<\/dt><\/dt><dt class=\"mec-calendar-day\" data-mec-cell=\"20260421\" data-day=\"21\" data-month=\"202604\">21<\/dt><\/dt><dt class=\"mec-calendar-day\" data-mec-cell=\"20260422\" data-day=\"22\" data-month=\"202604\">22<\/dt><\/dt><dt class=\"mec-calendar-day\" data-mec-cell=\"20260423\" data-day=\"23\" data-month=\"202604\">23<\/dt><\/dt><dt class=\"mec-calendar-day\" data-mec-cell=\"20260424\" data-day=\"24\" data-month=\"202604\">24<\/dt><\/dt><dt class=\"mec-calendar-day\" data-mec-cell=\"20260425\" data-day=\"25\" data-month=\"202604\">25<\/dt><\/dt><dt class=\"mec-calendar-day\" data-mec-cell=\"20260426\" data-day=\"26\" data-month=\"202604\">26<\/dt><\/dt><\/dl><dl class=\"mec-calendar-row\"><dt class=\"mec-calendar-day\" data-mec-cell=\"20260427\" data-day=\"27\" data-month=\"202604\">27<\/dt><\/dt><dt class=\"mec-calendar-day\" data-mec-cell=\"20260428\" data-day=\"28\" data-month=\"202604\">28<\/dt><\/dt><dt class=\"mec-calendar-day\" data-mec-cell=\"20260429\" data-day=\"29\" data-month=\"202604\">29<\/dt><\/dt><dt class=\"mec-calendar-day\" data-mec-cell=\"20260430\" data-day=\"30\" data-month=\"202604\">30<\/dt><\/dt><dt class=\"mec-table-nullday\">1<\/dt><dt class=\"mec-table-nullday\">2<\/dt><dt class=\"mec-table-nullday\">3<\/dt><\/dl><\/div>\r\n            <\/div>\r\n        <\/div>\r\n            <\/div>\r\n    \r\n<\/div>\r\n<\/p><\/div>\t<\/div>\n<\/div>\n<\/div>\n\n\t<\/div>\n<\/section>","protected":false},"excerpt":{"rendered":"<p>Amb motiu de les festes de Nadal, el Casal catal\u00e0 de Berl\u00edn (Katalanischer Salon e.V.) us proposa de trobar-nos el dissabte 6 de desembre per fer un dinar de Nadal plegats a partir de les 13.00h al Liane (Karl-Marx-Str. 17,&#8230;<\/p>","protected":false},"author":1,"featured_media":0,"parent":0,"menu_order":0,"comment_status":"closed","ping_status":"closed","template":"","meta":[],"_links":{"self":[{"href":"https:\/\/www.katalanischer-salon.de\/de\/wp-json\/wp\/v2\/pages\/2979"}],"collection":[{"href":"https:\/\/www.katalanischer-salon.de\/de\/wp-json\/wp\/v2\/pages"}],"about":[{"href":"https:\/\/www.katalanischer-salon.de\/de\/wp-json\/wp\/v2\/types\/page"}],"author":[{"embeddable":true,"href":"https:\/\/www.katalanischer-salon.de\/de\/wp-json\/wp\/v2\/users\/1"}],"replies":[{"embeddable":true,"href":"https:\/\/www.katalanischer-salon.de\/de\/wp-json\/wp\/v2\/comments?post=2979"}],"version-history":[{"count":42,"href":"https:\/\/www.katalanischer-salon.de\/de\/wp-json\/wp\/v2\/pages\/2979\/revisions"}],"predecessor-version":[{"id":3377,"href":"https:\/\/www.katalanischer-salon.de\/de\/wp-json\/wp\/v2\/pages\/2979\/revisions\/3377"}],"wp:attachment":[{"href":"https:\/\/www.katalanischer-salon.de\/de\/wp-json\/wp\/v2\/media?parent=2979"}],"curies":[{"name":"wp","href":"https:\/\/api.w.org\/{rel}","templated":true}]}}