{"id":74,"date":"2011-06-15T11:32:38","date_gmt":"2011-06-15T09:32:38","guid":{"rendered":"http:\/\/blog.katalanischer-salon.de\/?page_id=74"},"modified":"2021-02-05T13:01:19","modified_gmt":"2021-02-05T11:01:19","slug":"activitats-aktivitaten-2","status":"publish","type":"page","link":"https:\/\/www.katalanischer-salon.de\/de\/activitats-aktivitaten-2\/","title":{"rendered":"AKTIVIT\u00c4TEN"},"content":{"rendered":"<p><span style=\"color: #000000;\">Benvinguts a l&#8217;apartat d&#8217;activitats del web del Katalanischer Salon e.V. Aqu\u00ed hi trobareu informaci\u00f3 tant d&#8217;activitats previstes com d&#8217;altres que hem organitzat en els \u00faltims anys. Cliqueu sobre el nom de l&#8217;activitat de la qual voleu informaci\u00f3, en el men\u00fa superior.<\/span><\/p>","protected":false},"excerpt":{"rendered":"<p>Benvinguts a l&#8217;apartat d&#8217;activitats del web del Katalanischer Salon e.V. Aqu\u00ed hi trobareu informaci\u00f3 tant d&#8217;activitats previstes com d&#8217;altres que hem organitzat en els \u00faltims anys. Cliqueu sobre el nom de l&#8217;activitat de la qual voleu informaci\u00f3, en el men\u00fa&#8230;<\/p>","protected":false},"author":1,"featured_media":0,"parent":0,"menu_order":2,"comment_status":"closed","ping_status":"closed","template":"","meta":[],"_links":{"self":[{"href":"https:\/\/www.katalanischer-salon.de\/de\/wp-json\/wp\/v2\/pages\/74"}],"collection":[{"href":"https:\/\/www.katalanischer-salon.de\/de\/wp-json\/wp\/v2\/pages"}],"about":[{"href":"https:\/\/www.katalanischer-salon.de\/de\/wp-json\/wp\/v2\/types\/page"}],"author":[{"embeddable":true,"href":"https:\/\/www.katalanischer-salon.de\/de\/wp-json\/wp\/v2\/users\/1"}],"replies":[{"embeddable":true,"href":"https:\/\/www.katalanischer-salon.de\/de\/wp-json\/wp\/v2\/comments?post=74"}],"version-history":[{"count":12,"href":"https:\/\/www.katalanischer-salon.de\/de\/wp-json\/wp\/v2\/pages\/74\/revisions"}],"predecessor-version":[{"id":3486,"href":"https:\/\/www.katalanischer-salon.de\/de\/wp-json\/wp\/v2\/pages\/74\/revisions\/3486"}],"wp:attachment":[{"href":"https:\/\/www.katalanischer-salon.de\/de\/wp-json\/wp\/v2\/media?parent=74"}],"curies":[{"name":"wp","href":"https:\/\/api.w.org\/{rel}","templated":true}]}}