{"id":82,"date":"2011-06-15T11:34:41","date_gmt":"2011-06-15T09:34:41","guid":{"rendered":"http:\/\/blog.katalanischer-salon.de\/?page_id=82"},"modified":"2011-09-05T17:28:09","modified_gmt":"2011-09-05T15:28:09","slug":"anuncis-pinnwand","status":"publish","type":"page","link":"https:\/\/www.katalanischer-salon.de\/de\/anuncis-pinnwand\/","title":{"rendered":"DIENSTE"},"content":{"rendered":"<p><span style=\"color: #000000;\">Aqu\u00ed hi trobareu\u00a0informaci\u00f3 que pot ser del vostre inter\u00e8s, tant al nostre <strong>Taulell d&#8217;anuncis<\/strong> com a la secci\u00f3 dedicada a les <strong>Traduccions<\/strong>. Si voleu que publiquem un anunci, envieu-nos el text a casalcataladeberlin@gmail.com!<\/span><\/p>","protected":false},"excerpt":{"rendered":"<p>Aqu\u00ed hi trobareu\u00a0informaci\u00f3 que pot ser del vostre inter\u00e8s, tant al nostre Taulell d&#8217;anuncis com a la secci\u00f3 dedicada a les Traduccions. Si voleu que publiquem un anunci, envieu-nos el text a casalcataladeberlin@gmail.com!<\/p>","protected":false},"author":1,"featured_media":0,"parent":0,"menu_order":5,"comment_status":"closed","ping_status":"closed","template":"","meta":[],"_links":{"self":[{"href":"https:\/\/www.katalanischer-salon.de\/de\/wp-json\/wp\/v2\/pages\/82"}],"collection":[{"href":"https:\/\/www.katalanischer-salon.de\/de\/wp-json\/wp\/v2\/pages"}],"about":[{"href":"https:\/\/www.katalanischer-salon.de\/de\/wp-json\/wp\/v2\/types\/page"}],"author":[{"embeddable":true,"href":"https:\/\/www.katalanischer-salon.de\/de\/wp-json\/wp\/v2\/users\/1"}],"replies":[{"embeddable":true,"href":"https:\/\/www.katalanischer-salon.de\/de\/wp-json\/wp\/v2\/comments?post=82"}],"version-history":[{"count":21,"href":"https:\/\/www.katalanischer-salon.de\/de\/wp-json\/wp\/v2\/pages\/82\/revisions"}],"predecessor-version":[{"id":823,"href":"https:\/\/www.katalanischer-salon.de\/de\/wp-json\/wp\/v2\/pages\/82\/revisions\/823"}],"wp:attachment":[{"href":"https:\/\/www.katalanischer-salon.de\/de\/wp-json\/wp\/v2\/media?parent=82"}],"curies":[{"name":"wp","href":"https:\/\/api.w.org\/{rel}","templated":true}]}}